{"id":3962,"date":"2024-05-09T11:28:45","date_gmt":"2024-05-09T09:28:45","guid":{"rendered":"https:\/\/www.gf-tranciati.com\/cookie\/"},"modified":"2024-10-10T10:07:20","modified_gmt":"2024-10-10T08:07:20","slug":"cookie","status":"publish","type":"page","link":"https:\/\/www.gf-tranciati.com\/en\/cookie\/","title":{"rendered":"Cookie"},"content":{"rendered":"<p><script>\nfunction manageCookie() {\n   document.cookie = \"cookie_consent=; expires=Thu, 01 Jan 1970 00:00:00 UTC; path=\/;\";\n   location.reload();\n   return false;\n}\n<\/script><\/p>\n<div style=\"padding: 40px 60px;\">\n<p style=\"text-align: center;\"><strong>This Cookie page in Italian language version is the only legal text authorized for all purposes, despite translation and\/or interpretations into other languages, that are purely voluntary consultations without any legal value.<\/strong><\/p>\n<p>&nbsp;<\/p>\n<p style=\"text-align: center;\"><strong>Informativa relativa al trattamento dei Cookie in conformit\u00e0 al Regolamento (UE) 2016\/679 (Regolamento europeo in materia di protezione dei dati personali; \u201cGDPR\u201d), al D. Lgs. 196\/2003 e s.m.i. (Codice in materia di protezione dei dati personali), alla Direttiva 2002\/58\/CE, al Provvedimento del Garante per la protezione dei dati personali (\u201cGarante Privacy\u201d) \u201cIndividuazione delle modalit\u00e0 semplificate per l\u2019informativa e l\u2019acquisizione del consenso per l\u2019uso dei cookie\u201d del 8 maggio 2014, nonch\u00e9 in conformit\u00e0 ai successivi \u201cChiarimenti in merito all\u2019attuazione della normativa in materia di cookie\u201d del 5 giugno 2015 e alle \u201cLinee guida cookie e altri strumenti di tracciamento\u201d del 10 giugno 2021, inerenti alle informazioni telematiche ed in particolar modo ai cookies da qui in poi denominati COOKIE.<\/p>\n<p style=\"text-align: center;\"><strong>DEFINIZIONE DI COOKIE<\/strong> COOKIE \u00e8 un nome che identifica un file di testo in cui si pu\u00f2 memorizzare in un dispositivo elettrico, elettronico informatico o informatizzato multimediale, stringhe di codice che servono per dare tracciabilit\u00e0 e migliorare le performance dei siti web e\/o ricevere informazioni sui percorsi che gli utenti\/clienti agenti, lasciano quando si muovono all&#8217;interno del SITO. Per utenti\/clienti agenti si intente coloro che agiscono, navigano e si muovono interattivamente all&#8217;interno del SITO.<\/p>\n<p style=\"text-align: center;\"><strong>Cookie permanenti<\/strong> Non tutti i COOKIE sono permanenti, ma alcuni sono necessari per caricare meglio o pi\u00f9 velocemente quei dati che permettono una navigazione pi\u00f9 sicura, agevole e veloce quando si intende utilizzare il SITO in modalit\u00e0 tali da poter avere un servizio &#8211; ricevere informazioni utili &#8211; oppure, avere un supporto on-line, o ancora altre applicazioni che riescano a rendere pi\u00f9 comodo lo scambio di informazioni telematiche utili a individuare e condividere dati con l&#8217;utente\/cliente agente per cui senza le quali non si potrebbero svolgere le normali attivit\u00e0 richieste. Per esempio, alcuni di loro permettono di utilizzare il riconoscimento automatico delle password e\/o di dati inseriti in moduli per contatti e chat, altri mettono in contatto i dispositivi evitando di richiedere di inserire pi\u00f9 volte le stesse informazioni nel corso di una normale attivit\u00e0 di registrazione o di navigazione. Altri, ancora, tengono riservata la password per login e per i servizi resi come supporto tecnico dedicato ai nostri prodotti, servizi e soluzioni on-line come per esempio: form, ticket on-line, help desk o video conferme call e\/o altro ancora.<\/p>\n<p style=\"text-align: center;\"><strong>Cookie variabili<\/strong> Con i COOKIE variabili, si possono impostare le sessioni e possono essere cancellati alla chiusura del browser. Questi, possono avere una durata limitata per permettere di svolgere attivit\u00e0 momentanee on-line perch\u00e9 le stesse possano essere gestite in modo corretto e protetto durante l&#8217;apertura, la compilazione, l&#8217;invio oppure altro eseguito dai nostri utenti\/clienti agenti,in comunicazione con noi.<\/p>\n<p style=\"text-align: center;\"><strong>Cookie di terzi\u2028<\/strong> I COOKIE di terze parti possono essere installati da uno o pi\u00f9 siti che sono collegati al risultato restituito alla ricerca da uno o pi\u00f9, di questi siti web.\u2028Per fare un esempio a titolo esplicativo e non esaustivo: motori di ricerca, portali tematici, social network, banner, sistemi di broadcasting, blog, browser, ecc. ecc&#8230;<\/p>\n<p style=\"text-align: center;\"><strong>RISPETTO DELLE NORME<\/strong> GF TRANCIATI rispetta la navigazione degli utenti\/clienti, agenti ed utilizza i COOKIE solo secondo i termini di legge.<\/p>\n<p style=\"text-align: center;\"><strong>Cookie temporanei<\/strong> I COOKIE temporanei vengono automaticamente cancellati dopo la chiusura della sessione dell&#8217;utente o dopo un certo periodo di tempo.<\/p>\n<p style=\"text-align: center;\"><strong>Cookie permanenti<\/strong> Per COOKIE permanenti, utilizziamo solo quelli che permettono una navigazione sicura e solo al fine di garantire una navigazione efficiente che possa dare la possibilit\u00e0 all&#8217;utente\/cliente agente, di registrarsi per accedere all&#8217;account personale e servirsene per la gestione dei servizi di supporto secondo e ai sensi dell&#8217;articolo 122 del Decreto Legislativo n. 196\/2003, l&#8217;impiego di tali COOKIE non richiede alcun consenso da parte dell&#8217;utente.<\/p>\n<p style=\"text-align: center;\"><strong>I cookie analitici<\/strong> L&#8217;impiego di tali COOKIE necessita l&#8217;approvazione da parte dell&#8217;utente agente, che utilizza il SITO e servono per analizzare le modalit\u00e0 di accesso e il comportamento degli utenti che navigano nel proprio SITO, secondo e ai sensi dell&#8217;articolo 122 del Decreto Legislativo n. 196\/2003.<\/p>\n<p style=\"text-align: center;\"><strong>IL SITO UTILIZZA:<\/strong><\/p>\n<p style=\"text-align: center;\"><strong>I cookie tecnici: <\/strong><\/p>\n<p style=\"text-align: center;\">I COOKIE tecnici sono utilizzati al solo fine di effettuare la trasmissione di una comunicazione su una rete di comunicazione elettronica, o nella misura strettamente necessaria al fornitore di un servizio della societ\u00e0 dell&#8217;informazione esplicitamente richiesto dal contraente o dall&#8217;utente a erogare tale servizio.<\/p>\n<p style=\"text-align: center;\"><strong>I cookie di profilazione: <\/strong><\/p>\n<p style=\"text-align: center;\">L\u2019impiego di tali COOKIE necessita l\u2019approvazione dell\u2019utente. Tali COOKIE permanenti, consentono, di condividere i contenuti sui social network o per via e-mail e, per creare profili utenti e inviare messaggi pubblicitari e altri contenuti utili e in linea con le preferenze manifestate dagli stessi, durante la navigazione in Rete.\u2028Ai sensi dell\u2019articolo 122 del Decreto Legislativo n. 196\/2003.<\/p>\n<p style=\"text-align: center;\">\u2022 Cookie di terza parte per le mappe di Google. Il Titolare del Trattamento dei Dati non ha accesso ai dati che sono raccolti e trattati in piena autonomia dalle terze parti. Per maggiori informazioni sulle logiche e le modalit\u00e0 di trattamento dei dati raccolti dai social network e\/o terze parti, gli utenti sono invitati a leggere le note informative sulla privacy fornite dai soggetti che forniscono i servizi in questione: Google Maps <a href=\"https:\/\/www.google.it\/intl\/it\/policies\/privacy\/\">https:\/\/www.google.it\/intl\/it\/policies\/privacy\/<\/a><\/p>\n<p style=\"text-align: center;\">\u2022 Cookie di terza parte per gli aggiornamenti e feed di Facebook. Il Titolare del Trattamento dei Dati non ha accesso ai dati che sono raccolti e trattati in piena autonomia dalle terze parti. Per maggiori informazioni sulle logiche e le modalit\u00e0 di trattamento dei dati raccolti dai social network e\/o terze parti, gli utenti sono invitati a leggere le note informative sulla privacy fornite dai soggetti che forniscono i servizi in questione: Facebook <a href=\"https:\/\/it-it.facebook.com\/policies\/cookies\/\">https:\/\/it-it.facebook.com\/policies\/cookies\/<\/a><\/p>\n<p style=\"text-align: center;\"><strong>Come modificare le impostazioni relative ai COOKIE?<\/strong> Al momento dell&#8217;accesso alla home page o a qualunque altra pagina del SITO, compare un banner. Proseguendo ed accettando la navigazione nel SITO, l&#8217;utente\/cliente agente fornisce il consenso all&#8217;uso dei COOKIE.<\/p>\n<p style=\"text-align: center;\">\u00c8 possibile gestire le scelte sui COOKIE in qualsiasi momento cliccando su \u201cGestisci preferenze\u201d, compreso il vostro diritto di opporvi.<\/p>\n<p style=\"text-align: center;\"><a style=\"background: #e8e8e8; padding: 10px; margin: 20px auto; color: #000; text-align: center; display: block; font-weight: bold; font-size: 14px; cursor: pointer;\">Gestisci preferenze<\/a><\/p>\n<p style=\"text-align: center;\">\u00c8 possibile non accettare l&#8217;uso dei COOKIE memorizzati sul proprio hard disk disabilitandoli dalla sezione dedicata del proprio browser.<\/p>\n<p style=\"text-align: center;\">Seguire le istruzioni specifiche del browser in uso:<\/p>\n<p style=\"text-align: center;\">&#8211; <a href=\"http:\/\/windows.microsoft.com\/en-gb\/windows7\/block-enable-or-allow-cookies\">Internet Explorer<\/a> &#8211; <a href=\"https:\/\/support.google.com\/chrome\/answer\/95647?hl=en\">Chrome\u2028<\/a> &#8211; <a href=\"https:\/\/support.mozilla.org\/en-US\/kb\/enable-and-disable-cookies-website-preferences\">Firefox<\/a> &#8211; <a href=\"http:\/\/www.opera.com\/help\/tutorials\/security\/privacy\/\">Opera\u2028<\/a> &#8211; <a href=\"https:\/\/support.apple.com\/kb\/ph5042?locale=en_US\">Safari<\/a><\/p>\n<p style=\"text-align: center;\">In seguito, tuttavia, il SITO potrebbe non funzionare pi\u00f9 correttamente.<\/p>\n<p style=\"text-align: center;\"><strong>Limiti alla trasmissione e alla diffusione dei dati personali.<\/strong> I dati acquisiti mediante i COOKIE sono gestiti da dipendenti e da collaboratori di GF TRANCIATI, incaricati del trattamento dei dati.\u2028Le societ\u00e0 o i professionisti a cui \u00e8 stato affidato il compito di eseguire operazioni tecniche e organizzative in nostra vece, tali per esempio a titolo indicativo e non esaustivo quali fornitori di servizi web o altro direttamente collegato con le nostre forniture di servizi, prodotti e soluzioni trattate, fornite e\/o erogate da nostri partner diretti e che sono incaricati espressamente da GF TRANCIATI al trattamento dei dati. L&#8217;elenco di tali aziende \u00e8 costantemente aggiornato e pu\u00f2 essere richiesto contattandoci all&#8217;indirizzo riportato in fondo alla pagina o inviando una e-mail all&#8217;indirizzo <a href=\"mailto:info@gf-tranciati.it\">info@gf-tranciati.it<\/a> I dati acquisiti usando i COOKIE possono essere trasferiti all&#8217;estero, ma non possono in nessun caso essere venduti, trasmessi o diffusi a terzi.<\/p>\n<p style=\"text-align: center;\"><strong>DIRITTI DEGLI UTENTI\/CLIENTI<\/strong> In qualsiasi momento, \u00e8 possibile richiedere e ottenere la cancellazione, la trasformazione in forma anonima, la copia, l&#8217;aggiornamento, la rettifica, l&#8217;integrazione e il blocco dei dati trattati in violazione dell&#8217;articolo 7 del Decreto Legislativo n. 196\/2003.\u2028In qualsiasi momento, \u00e8 possibile opporsi al trattamento dei propri dati personali per finalit\u00e0 commerciali e di marketing, nonch\u00e9 opporsi, per motivi legittimi, al trattamento degli stessi per altre finalit\u00e0.\u2028A fine di fare valere i propri diritti legittimi, inviare una comunicazione scritta all&#8217;indirizzo riportato in fondo alla pagina o una e-mail all&#8217;indirizzo a <a href=\"mailto:info@gf-tranciati.it\">info@gf-tranciati.it<\/a><\/p>\n<p style=\"text-align: center;\"><strong>APPROFONDIMENTI<\/strong> Approfondimenti potrete trovarli su <a href=\"http:\/\/aboutcookies.org\">aboutcookies.org<\/a><\/p>\n<p style=\"text-align: center;\"><strong>TITOLARE E RESPONSABILE DEL TRATTAMENTO DEI DATI<\/strong> Il titolare del trattamento dei dati \u00e8 GF Tranciati S.r.l. &#8211; Via Europa Unita, 30\/1 &#8211; 33076 Pravisdomini (PN) &#8211; ITALY<\/p>\n<\/div>\n","protected":false},"excerpt":{"rendered":"<p>This Cookie page in Italian language version is the only legal text authorized for all purposes, despite translation and\/or interpretations into other languages, that are purely voluntary consultations without any legal value. &nbsp; Informativa relativa al trattamento dei Cookie in conformit\u00e0 al Regolamento (UE) 2016\/679 (Regolamento europeo in materia di protezione dei dati personali; \u201cGDPR\u201d),&#8230;<\/p>\n","protected":false},"author":1,"featured_media":0,"parent":0,"menu_order":0,"comment_status":"closed","ping_status":"closed","template":"","meta":{"_bst_post_transparent":"default","_bst_post_title":"default","_bst_post_layout":"default","_bst_post_sidebar_id":"","_bst_post_content_style":"default","_bst_post_vertical_padding":"default","_bst_post_feature":"","_bst_post_feature_position":"","_bst_post_header":false,"_bst_post_footer":false,"footnotes":""},"class_list":["post-3962","page","type-page","status-publish","hentry"],"_links":{"self":[{"href":"https:\/\/www.gf-tranciati.com\/en\/wp-json\/wp\/v2\/pages\/3962","targetHints":{"allow":["GET"]}}],"collection":[{"href":"https:\/\/www.gf-tranciati.com\/en\/wp-json\/wp\/v2\/pages"}],"about":[{"href":"https:\/\/www.gf-tranciati.com\/en\/wp-json\/wp\/v2\/types\/page"}],"author":[{"embeddable":true,"href":"https:\/\/www.gf-tranciati.com\/en\/wp-json\/wp\/v2\/users\/1"}],"replies":[{"embeddable":true,"href":"https:\/\/www.gf-tranciati.com\/en\/wp-json\/wp\/v2\/comments?post=3962"}],"version-history":[{"count":3,"href":"https:\/\/www.gf-tranciati.com\/en\/wp-json\/wp\/v2\/pages\/3962\/revisions"}],"predecessor-version":[{"id":5205,"href":"https:\/\/www.gf-tranciati.com\/en\/wp-json\/wp\/v2\/pages\/3962\/revisions\/5205"}],"wp:attachment":[{"href":"https:\/\/www.gf-tranciati.com\/en\/wp-json\/wp\/v2\/media?parent=3962"}],"curies":[{"name":"wp","href":"https:\/\/api.w.org\/{rel}","templated":true}]}}